{"id":6652,"date":"2025-12-16T06:16:15","date_gmt":"2025-12-16T06:16:15","guid":{"rendered":"https:\/\/mission.weiterdev.ch\/offres-i-conseil\/"},"modified":"2026-01-15T14:29:42","modified_gmt":"2026-01-15T14:29:42","slug":"offres-i-conseil","status":"publish","type":"page","link":"https:\/\/mission.weiterdev.ch\/fr\/offres-i-conseil\/","title":{"rendered":"Offres I Conseil"},"content":{"rendered":"\t\t<div data-elementor-type=\"wp-page\" data-elementor-id=\"6652\" class=\"elementor elementor-6652 elementor-5219\" data-elementor-post-type=\"page\">\n\t\t\t\t<div class=\"elementor-element elementor-element-d5211f2 e-flex e-con-boxed e-con e-parent\" data-id=\"d5211f2\" data-element_type=\"container\" data-e-type=\"container\" data-settings=\"{&quot;background_background&quot;:&quot;classic&quot;,&quot;jet_parallax_layout_list&quot;:[]}\">\n\t\t\t\t\t<div class=\"e-con-inner\">\n\t\t<div class=\"elementor-element elementor-element-e45406a e-con-full e-flex e-con e-child\" data-id=\"e45406a\" data-element_type=\"container\" data-e-type=\"container\" data-settings=\"{&quot;jet_parallax_layout_list&quot;:[]}\">\n\t\t\t\t<div class=\"elementor-element elementor-element-3a354e1 elementor-align-left elementor-mobile-align-center elementor-tablet-align-center elementor-widget elementor-widget-button\" data-id=\"3a354e1\" data-element_type=\"widget\" data-e-type=\"widget\" data-widget_type=\"button.default\">\n\t\t\t\t<div class=\"elementor-widget-container\">\n\t\t\t\t\t\t\t\t\t<div class=\"elementor-button-wrapper\">\n\t\t\t\t\t<a class=\"elementor-button elementor-button-link elementor-size-sm\" href=\"#\">\n\t\t\t\t\t\t<span class=\"elementor-button-content-wrapper\">\n\t\t\t\t\t\t\t\t\t<span class=\"elementor-button-text\">Rechercher<\/span>\n\t\t\t\t\t<\/span>\n\t\t\t\t\t<\/a>\n\t\t\t\t<\/div>\n\t\t\t\t\t\t\t\t<\/div>\n\t\t\t\t<\/div>\n\t\t\t\t<\/div>\n\t\t\t\t\t<\/div>\n\t\t\t\t<\/div>\n\t\t<div class=\"elementor-element elementor-element-10297a5 e-flex e-con-boxed e-con e-parent\" data-id=\"10297a5\" data-element_type=\"container\" data-e-type=\"container\" data-settings=\"{&quot;background_background&quot;:&quot;classic&quot;,&quot;jet_parallax_layout_list&quot;:[]}\">\n\t\t\t\t\t<div class=\"e-con-inner\">\n\t\t\t\t<div class=\"elementor-element elementor-element-1fd9d70 elementor-widget elementor-widget-heading\" data-id=\"1fd9d70\" data-element_type=\"widget\" data-e-type=\"widget\" data-widget_type=\"heading.default\">\n\t\t\t\t<div class=\"elementor-widget-container\">\n\t\t\t\t\t<h2 class=\"elementor-heading-title elementor-size-default\">Conseil personnalis\u00e9 &amp; aide \u00e0 l'\u00e9quipe<\/h2>\t\t\t\t<\/div>\n\t\t\t\t<\/div>\n\t\t\t\t<div class=\"elementor-element elementor-element-9cf7ab2 elementor-widget elementor-widget-text-editor\" data-id=\"9cf7ab2\" data-element_type=\"widget\" data-e-type=\"widget\" data-widget_type=\"text-editor.default\">\n\t\t\t\t<div class=\"elementor-widget-container\">\n\t\t\t\t\t\t\t\t\t<p>Les collaborateurs du MCN et des \u0153uvres missionnaires sont \u00e0 votre disposition pour vous conseiller, vous accompagner, vous coacher, vous lib\u00e9rer ou vous apporter tout autre soutien dont vous pourriez avoir besoin. Ils sont soutenus, si n\u00e9cessaire, par des professionnels externes exp\u00e9riment\u00e9s.<\/p><p>Contactez-nous !<\/p><p>Uta Widmer<br>uta.widmer@aem.ch<br>mcn@aem.ch<\/p>\t\t\t\t\t\t\t\t<\/div>\n\t\t\t\t<\/div>\n\t\t\t\t<div class=\"elementor-element elementor-element-469a1ac elementor-widget elementor-widget-button\" data-id=\"469a1ac\" data-element_type=\"widget\" data-e-type=\"widget\" data-widget_type=\"button.default\">\n\t\t\t\t<div class=\"elementor-widget-container\">\n\t\t\t\t\t\t\t\t\t<div class=\"elementor-button-wrapper\">\n\t\t\t\t\t<a class=\"elementor-button elementor-button-link elementor-size-sm\" href=\"mailto:mcn@aem.ch\">\n\t\t\t\t\t\t<span class=\"elementor-button-content-wrapper\">\n\t\t\t\t\t\t\t\t\t<span class=\"elementor-button-text\">CONTACTER MCN<\/span>\n\t\t\t\t\t<\/span>\n\t\t\t\t\t<\/a>\n\t\t\t\t<\/div>\n\t\t\t\t\t\t\t\t<\/div>\n\t\t\t\t<\/div>\n\t\t\t\t\t<\/div>\n\t\t\t\t<\/div>\n\t\t<div class=\"elementor-element elementor-element-f1b5522 e-flex e-con-boxed e-con e-parent\" data-id=\"f1b5522\" data-element_type=\"container\" data-e-type=\"container\" data-settings=\"{&quot;background_background&quot;:&quot;classic&quot;,&quot;jet_parallax_layout_list&quot;:[]}\">\n\t\t\t\t\t<div class=\"e-con-inner\">\n\t\t\t\t<div class=\"elementor-element elementor-element-2bd0de9 elementor-widget elementor-widget-heading\" data-id=\"2bd0de9\" data-element_type=\"widget\" data-e-type=\"widget\" data-widget_type=\"heading.default\">\n\t\t\t\t<div class=\"elementor-widget-container\">\n\t\t\t\t\t<h2 class=\"elementor-heading-title elementor-size-default\">Mise en relation avec des professionnels<\/h2>\t\t\t\t<\/div>\n\t\t\t\t<\/div>\n\t\t\t\t<div class=\"elementor-element elementor-element-f6d4454 elementor-widget elementor-widget-text-editor\" data-id=\"f6d4454\" data-element_type=\"widget\" data-e-type=\"widget\" data-widget_type=\"text-editor.default\">\n\t\t\t\t<div class=\"elementor-widget-container\">\n\t\t\t\t\t\t\t\t\t<p>Le MCN tient \u00e0 jour une liste de sp\u00e9cialistes qui se mettent volontiers \u00e0 la disposition des collaborateurs interculturels qui en font la demande. Les conditions financi\u00e8res respectives sont discut\u00e9es avec le professionnel lui-m\u00eame.<\/p><p>Les domaines d&rsquo;expertise sont par exemple<\/p><ul><li>Aum\u00f4niers, accompagnateurs et conseillers personnels en g\u00e9n\u00e9ral<\/li><li>Aide aux traumatis\u00e9s<\/li><li>Life Coach, conseiller de vie et social<\/li><li>Coach en pr\u00e9vention du burnout<\/li><li>Psychologues<\/li><li>Psychiatre<\/li><li>Psychoth\u00e9rapeutes<\/li><li>M\u00e9decins sp\u00e9cialistes de diff\u00e9rentes orientations<\/li><li>Coach TDAH<\/li><li>Supervision<\/li><li>M\u00e9diation<\/li><li>Conseill\u00e8re familiale, coach familial<\/li><li>Coach interculturel<\/li><li>&#8230;et autres<\/li><\/ul><p>Cette liste peut \u00eatre fournie sur demande \u00e0 l&rsquo;\u00e9quipe centrale de MCN.<\/p>\t\t\t\t\t\t\t\t<\/div>\n\t\t\t\t<\/div>\n\t\t\t\t<div class=\"elementor-element elementor-element-1aa6458 elementor-widget elementor-widget-button\" data-id=\"1aa6458\" data-element_type=\"widget\" data-e-type=\"widget\" data-widget_type=\"button.default\">\n\t\t\t\t<div class=\"elementor-widget-container\">\n\t\t\t\t\t\t\t\t\t<div class=\"elementor-button-wrapper\">\n\t\t\t\t\t<a class=\"elementor-button elementor-button-link elementor-size-sm\" href=\"mailto:mcn@aem.ch\">\n\t\t\t\t\t\t<span class=\"elementor-button-content-wrapper\">\n\t\t\t\t\t\t\t\t\t<span class=\"elementor-button-text\">DEMANDER LA LISTE<\/span>\n\t\t\t\t\t<\/span>\n\t\t\t\t\t<\/a>\n\t\t\t\t<\/div>\n\t\t\t\t\t\t\t\t<\/div>\n\t\t\t\t<\/div>\n\t\t\t\t\t<\/div>\n\t\t\t\t<\/div>\n\t\t\t\t<\/div>\n\t\t","protected":false},"excerpt":{"rendered":"<p>Rechercher Conseil personnalis\u00e9 &amp; aide \u00e0 l&rsquo;\u00e9quipe Les collaborateurs du MCN et des \u0153uvres missionnaires sont \u00e0 votre disposition pour vous conseiller, vous accompagner, vous coacher, vous lib\u00e9rer ou vous apporter tout autre soutien dont vous pourriez avoir besoin. Ils sont soutenus, si n\u00e9cessaire, par des professionnels externes exp\u00e9riment\u00e9s. Contactez-nous ! Uta Widmeruta.widmer@aem.chmcn@aem.ch CONTACTER MCN [&hellip;]<\/p>\n","protected":false},"author":1,"featured_media":0,"parent":0,"menu_order":0,"comment_status":"closed","ping_status":"closed","template":"","meta":{"_acf_changed":false,"footnotes":""},"class_list":["post-6652","page","type-page","status-publish","hentry"],"acf":[],"publishpress_future_action":{"enabled":false,"date":"2026-05-07 02:34:35","action":"change-status","newStatus":"draft","terms":[],"taxonomy":"translation_priority","extraData":[]},"publishpress_future_workflow_manual_trigger":{"enabledWorkflows":[]},"_links":{"self":[{"href":"https:\/\/mission.weiterdev.ch\/fr\/wp-json\/wp\/v2\/pages\/6652","targetHints":{"allow":["GET"]}}],"collection":[{"href":"https:\/\/mission.weiterdev.ch\/fr\/wp-json\/wp\/v2\/pages"}],"about":[{"href":"https:\/\/mission.weiterdev.ch\/fr\/wp-json\/wp\/v2\/types\/page"}],"author":[{"embeddable":true,"href":"https:\/\/mission.weiterdev.ch\/fr\/wp-json\/wp\/v2\/users\/1"}],"replies":[{"embeddable":true,"href":"https:\/\/mission.weiterdev.ch\/fr\/wp-json\/wp\/v2\/comments?post=6652"}],"version-history":[{"count":1,"href":"https:\/\/mission.weiterdev.ch\/fr\/wp-json\/wp\/v2\/pages\/6652\/revisions"}],"predecessor-version":[{"id":6653,"href":"https:\/\/mission.weiterdev.ch\/fr\/wp-json\/wp\/v2\/pages\/6652\/revisions\/6653"}],"wp:attachment":[{"href":"https:\/\/mission.weiterdev.ch\/fr\/wp-json\/wp\/v2\/media?parent=6652"}],"curies":[{"name":"wp","href":"https:\/\/api.w.org\/{rel}","templated":true}]}}