{"id":4357,"date":"2025-05-03T13:21:12","date_gmt":"2025-05-03T13:21:12","guid":{"rendered":"https:\/\/mission.weiterdev.ch\/histoires\/"},"modified":"2026-01-17T08:41:07","modified_gmt":"2026-01-17T08:41:07","slug":"yourmission-life","status":"publish","type":"page","link":"https:\/\/mission.weiterdev.ch\/fr\/yourmission-life\/","title":{"rendered":"yourmission.life"},"content":{"rendered":"\t\t<div data-elementor-type=\"wp-page\" data-elementor-id=\"4357\" class=\"elementor elementor-4357 elementor-605\" data-elementor-post-type=\"page\">\n\t\t\t\t<div class=\"elementor-element elementor-element-c34a3cc e-con-full e-flex e-con e-parent\" data-id=\"c34a3cc\" data-element_type=\"container\" data-e-type=\"container\" data-settings=\"{&quot;background_background&quot;:&quot;classic&quot;,&quot;jet_parallax_layout_list&quot;:[]}\">\n\t\t\t\t<div class=\"elementor-element elementor-element-1420a8d elementor-align-left elementor-mobile-align-center elementor-tablet-align-center elementor-absolute elementor-widget elementor-widget-button\" data-id=\"1420a8d\" data-element_type=\"widget\" data-e-type=\"widget\" data-settings=\"{&quot;_position&quot;:&quot;absolute&quot;}\" data-widget_type=\"button.default\">\n\t\t\t\t<div class=\"elementor-widget-container\">\n\t\t\t\t\t\t\t\t\t<div class=\"elementor-button-wrapper\">\n\t\t\t\t\t<a class=\"elementor-button elementor-button-link elementor-size-sm\" href=\"#\">\n\t\t\t\t\t\t<span class=\"elementor-button-content-wrapper\">\n\t\t\t\t\t\t\t\t\t<span class=\"elementor-button-text\">Rechercher<\/span>\n\t\t\t\t\t<\/span>\n\t\t\t\t\t<\/a>\n\t\t\t\t<\/div>\n\t\t\t\t\t\t\t\t<\/div>\n\t\t\t\t<\/div>\n\t\t<div class=\"elementor-element elementor-element-3dfff64 e-con-full e-flex e-con e-child\" data-id=\"3dfff64\" data-element_type=\"container\" data-e-type=\"container\" data-settings=\"{&quot;jet_parallax_layout_list&quot;:[]}\">\n\t\t\t\t<\/div>\n\t\t\t\t<\/div>\n\t\t<div class=\"elementor-element elementor-element-4a411b7 e-flex e-con-boxed e-con e-parent\" data-id=\"4a411b7\" data-element_type=\"container\" data-e-type=\"container\" data-settings=\"{&quot;jet_parallax_layout_list&quot;:[]}\">\n\t\t\t\t\t<div class=\"e-con-inner\">\n\t\t\t\t<div class=\"elementor-element elementor-element-da7a4df sub-title elementor-widget elementor-widget-heading\" data-id=\"da7a4df\" data-element_type=\"widget\" data-e-type=\"widget\" data-widget_type=\"heading.default\">\n\t\t\t\t<div class=\"elementor-widget-container\">\n\t\t\t\t\t<h2 class=\"elementor-heading-title elementor-size-default\">yourmission.life<\/h2>\t\t\t\t<\/div>\n\t\t\t\t<\/div>\n\t\t\t\t<div class=\"elementor-element elementor-element-8be1a6f elementor-widget elementor-widget-text-editor\" data-id=\"8be1a6f\" data-element_type=\"widget\" data-e-type=\"widget\" data-widget_type=\"text-editor.default\">\n\t\t\t\t<div class=\"elementor-widget-container\">\n\t\t\t\t\t\t\t\t\t<p>D\u00e9couvrez ici ce que d&rsquo;autres ont v\u00e9cu avec Dieu<\/p>\t\t\t\t\t\t\t\t<\/div>\n\t\t\t\t<\/div>\n\t\t\t\t<div class=\"elementor-element elementor-element-de18e07 elementor-widget elementor-widget-html\" data-id=\"de18e07\" data-element_type=\"widget\" data-e-type=\"widget\" data-widget_type=\"html.default\">\n\t\t\t\t<div class=\"elementor-widget-container\">\n\t\t\t\t\t<a href=\"https:\/\/yourmission.life\">\n\n<iframe loading=\"lazy\" src=\"https:\/\/yourmission.life\/\" width=\"600\" height=\"4000\">\n<\/iframe>\n\n<\/a>\t\t\t\t<\/div>\n\t\t\t\t<\/div>\n\t\t\t\t<div class=\"elementor-element elementor-element-5832adc elementor-hidden-widescreen elementor-hidden-desktop elementor-hidden-laptop elementor-hidden-tablet_extra elementor-hidden-tablet elementor-hidden-mobile_extra elementor-hidden-mobile elementor-widget elementor-widget-shortcode\" data-id=\"5832adc\" data-element_type=\"widget\" data-e-type=\"widget\" data-widget_type=\"shortcode.default\">\n\t\t\t\t<div class=\"elementor-widget-container\">\n\t\t\t\t\t\t\t<div class=\"elementor-shortcode\"><div class=\"ym-grid\"><a href=\"https:\/\/mission.weiterdev.ch\/fr\/yourmission\/story\/entdecke-das-herz-von-jesus\/\" class=\"ym-story\"><div class=\"ym-image\"><img decoding=\"async\" src=\"https:\/\/yourmission.life\/wp-content\/uploads\/6979b4bfb9388-1024x722.jpg\" alt=\"\"><\/div><h3 class=\"ym-title\"><strong>Entdecke das Herz von Jesus<\/strong><\/h3><p class=\"ym-excerpt\">Das ist &quot;DER&quot; Event der Deutsch-Schweiz, wenn du Teil von Gottes vielf\u00e4ltigen Wirken auf der Welt sein willst! Save the...<\/p><\/a><a href=\"https:\/\/mission.weiterdev.ch\/fr\/yourmission\/story\/einladung-zum-emd-jubilaeumsfest\/\" class=\"ym-story\"><div class=\"ym-image\"><img decoding=\"async\" src=\"https:\/\/yourmission.life\/wp-content\/uploads\/6979b0beeb3cc-1024x576.jpg\" alt=\"\"><\/div><h3 class=\"ym-title\"><strong>Einladung zum EMD Jubil\u00e4umsfest<\/strong><\/h3><p class=\"ym-excerpt\">Wir feiern in der Kirche ETG AU unser 70-j\u00e4hriges bestehen. Du bist dazu herzlich eingeladen.<\/p><\/a><a href=\"https:\/\/mission.weiterdev.ch\/fr\/yourmission\/story\/movida-schweiz-braucht-dich\/\" class=\"ym-story\"><div class=\"ym-image\"><img decoding=\"async\" src=\"https:\/\/yourmission.life\/wp-content\/uploads\/684991b9daebd-819x1024.png\" alt=\"\"><\/div><h3 class=\"ym-title\"><strong>MOVIDA Schweiz braucht dich!<\/strong><\/h3><p class=\"ym-excerpt\">Du hast diesen Sommer ein paar Tage frei und Lust, dich freiwillig zu engagieren? Dann komm vorbei \u2013 wir freuen...<\/p><\/a><a href=\"https:\/\/mission.weiterdev.ch\/fr\/yourmission\/story\/das-war-der-cima-kongress-2025-in-argentinien\/\" class=\"ym-story\"><div class=\"ym-image\"><img decoding=\"async\" src=\"https:\/\/mission.weiterdev.ch\/wp-content\/uploads\/2025\/07\/no_image_available.png\" alt=\"\"><\/div><h3 class=\"ym-title\"><strong>Das war der Cima Kongress 2025 in Argentinien<\/strong><\/h3><p class=\"ym-excerpt\">Der CIMA Kongress 2025 ist am Samstag zu Ende gegangen. Mehr als 1700 Menschen sind zusammengekommen, um Gott zu loben,...<\/p><\/a><a href=\"https:\/\/mission.weiterdev.ch\/fr\/yourmission\/story\/danke-praisecamp\/\" class=\"ym-story\"><div class=\"ym-image\"><img decoding=\"async\" src=\"https:\/\/mission.weiterdev.ch\/wp-content\/uploads\/2025\/07\/no_image_available.png\" alt=\"\"><\/div><h3 class=\"ym-title\"><strong>Danke Praisecamp!<\/strong><\/h3><p class=\"ym-excerpt\"><\/p><\/a><a href=\"https:\/\/mission.weiterdev.ch\/fr\/yourmission\/story\/unser-team-am-praisecamp\/\" class=\"ym-story\"><div class=\"ym-image\"><img decoding=\"async\" src=\"https:\/\/yourmission.life\/wp-content\/uploads\/677bd5b35babb-683x1024.jpeg\" alt=\"\"><\/div><h3 class=\"ym-title\"><strong>Unser Team am Praisecamp!<\/strong><\/h3><p class=\"ym-excerpt\">Wiiieeee cool war das denn bitte!? 7000 junge Leute, die zusammenkommen, um Jesus zu feiern - absoluter Wahnsinn.Es hat unglaublich...<\/p><\/a><a href=\"https:\/\/mission.weiterdev.ch\/fr\/yourmission\/story\/einladung-zum-sponsorenlauf\/\" class=\"ym-story\"><div class=\"ym-image\"><img decoding=\"async\" src=\"https:\/\/yourmission.life\/wp-content\/uploads\/673db1be5b880-819x1024.png\" alt=\"\"><\/div><h3 class=\"ym-title\"><strong>Wir laufen f\u00fcr die Jugend!<\/strong><\/h3><p class=\"ym-excerpt\"><\/p><\/a><a href=\"https:\/\/mission.weiterdev.ch\/fr\/yourmission\/story\/unsere-short-term-einsaetze\/\" class=\"ym-story\"><div class=\"ym-image\"><img decoding=\"async\" src=\"https:\/\/yourmission.life\/wp-content\/uploads\/6718f9de4938d-819x1024.png\" alt=\"\"><\/div><h3 class=\"ym-title\"><strong>Lust auf Action?<\/strong><\/h3><p class=\"ym-excerpt\"><\/p><\/a><a href=\"https:\/\/mission.weiterdev.ch\/fr\/yourmission\/story\/was-ist-movida\/\" class=\"ym-story\"><div class=\"ym-image\"><img decoding=\"async\" src=\"https:\/\/yourmission.life\/wp-content\/uploads\/6718f7bf8b893-819x1024.png\" alt=\"\"><\/div><h3 class=\"ym-title\"><strong>WAS IST MOVIDA?<\/strong><\/h3><p class=\"ym-excerpt\"><\/p><\/a><\/div><div class=\"ym-pagination\"><span aria-current=\"page\" class=\"page-numbers current\">1<\/span>\n<a class=\"page-numbers\" href=\"https:\/\/mission.weiterdev.ch\/fr\/wp-json\/wp\/v2\/pages\/4357\/page\/2\/\">2<\/a>\n<a class=\"next page-numbers\" href=\"https:\/\/mission.weiterdev.ch\/fr\/wp-json\/wp\/v2\/pages\/4357\/page\/2\/\">Suivant\u00a0\u00bb<\/a><\/div><\/div>\n\t\t\t\t\t\t<\/div>\n\t\t\t\t<\/div>\n\t\t\t\t\t<\/div>\n\t\t\t\t<\/div>\n\t\t<div class=\"elementor-element elementor-element-2df6d777 e-con-full e-flex e-con e-parent\" data-id=\"2df6d777\" data-element_type=\"container\" data-e-type=\"container\" data-settings=\"{&quot;background_background&quot;:&quot;classic&quot;,&quot;jet_parallax_layout_list&quot;:[]}\">\n\t\t<div class=\"elementor-element elementor-element-7608c169 e-con-full e-flex e-con e-child\" data-id=\"7608c169\" data-element_type=\"container\" data-e-type=\"container\" data-settings=\"{&quot;jet_parallax_layout_list&quot;:[]}\">\n\t\t<div class=\"elementor-element elementor-element-52dc0812 e-con-full e-flex e-con e-child\" data-id=\"52dc0812\" data-element_type=\"container\" data-e-type=\"container\" data-settings=\"{&quot;background_background&quot;:&quot;classic&quot;,&quot;jet_parallax_layout_list&quot;:[]}\">\n\t\t\t\t<div class=\"elementor-element elementor-element-542d2e5a sub-title elementor-widget elementor-widget-heading\" data-id=\"542d2e5a\" data-element_type=\"widget\" data-e-type=\"widget\" data-widget_type=\"heading.default\">\n\t\t\t\t<div class=\"elementor-widget-container\">\n\t\t\t\t\t<h2 class=\"elementor-heading-title elementor-size-default\">Votre vie. Votre responsabilit\u00e9.   <br>Votre engagement.<\/h2>\t\t\t\t<\/div>\n\t\t\t\t<\/div>\n\t\t\t\t<div class=\"elementor-element elementor-element-2a5b5a8d elementor-widget elementor-widget-text-editor\" data-id=\"2a5b5a8d\" data-element_type=\"widget\" data-e-type=\"widget\" data-widget_type=\"text-editor.default\">\n\t\t\t\t<div class=\"elementor-widget-container\">\n\t\t\t\t\t\t\t\t\t<p>Nous organisons plus de 1000 missions de courte et de longue dur\u00e9e dans le monde entier.<\/p>\t\t\t\t\t\t\t\t<\/div>\n\t\t\t\t<\/div>\n\t\t\t\t<\/div>\n\t\t\t\t<div class=\"elementor-element elementor-element-81a708b elementor-align-center elementor-mobile-align-center elementor-tablet-align-center elementor-widget elementor-widget-button\" data-id=\"81a708b\" data-element_type=\"widget\" data-e-type=\"widget\" data-widget_type=\"button.default\">\n\t\t\t\t<div class=\"elementor-widget-container\">\n\t\t\t\t\t\t\t\t\t<div class=\"elementor-button-wrapper\">\n\t\t\t\t\t<a class=\"elementor-button elementor-button-link elementor-size-sm\" href=\"https:\/\/mission.weiterdev.ch\/fr\/utilisation\/\">\n\t\t\t\t\t\t<span class=\"elementor-button-content-wrapper\">\n\t\t\t\t\t\t\t\t\t<span class=\"elementor-button-text\">utilisation<\/span>\n\t\t\t\t\t<\/span>\n\t\t\t\t\t<\/a>\n\t\t\t\t<\/div>\n\t\t\t\t\t\t\t\t<\/div>\n\t\t\t\t<\/div>\n\t\t\t\t<\/div>\n\t\t\t\t<\/div>\n\t\t<div class=\"elementor-element elementor-element-1419b5ac e-con-full e-flex e-con e-parent\" data-id=\"1419b5ac\" data-element_type=\"container\" data-e-type=\"container\" data-settings=\"{&quot;jet_parallax_layout_list&quot;:[]}\">\n\t\t<div class=\"elementor-element elementor-element-fd14265 e-con-full e-flex e-con e-child\" data-id=\"fd14265\" data-element_type=\"container\" data-e-type=\"container\" data-settings=\"{&quot;jet_parallax_layout_list&quot;:[]}\">\n\t\t\t\t<div class=\"elementor-element elementor-element-6fbf9b41 sub-title elementor-widget elementor-widget-heading\" data-id=\"6fbf9b41\" data-element_type=\"widget\" data-e-type=\"widget\" data-widget_type=\"heading.default\">\n\t\t\t\t<div class=\"elementor-widget-container\">\n\t\t\t\t\t<h2 class=\"elementor-heading-title elementor-size-default\">Qu'avez-vous v\u00e9cu ?\n\n<\/h2>\t\t\t\t<\/div>\n\t\t\t\t<\/div>\n\t\t\t\t<div class=\"elementor-element elementor-element-110630e3 elementor-widget elementor-widget-text-editor\" data-id=\"110630e3\" data-element_type=\"widget\" data-e-type=\"widget\" data-widget_type=\"text-editor.default\">\n\t\t\t\t<div class=\"elementor-widget-container\">\n\t\t\t\t\t\t\t\t\t<p>Cr\u00e9ez un compte sur Yourmission.life et racontez votre histoire. Nous sommes impatients de vous entendre. <\/p>\t\t\t\t\t\t\t\t<\/div>\n\t\t\t\t<\/div>\n\t\t\t\t<div class=\"elementor-element elementor-element-25f7c09f elementor-align-center elementor-tablet-align-center elementor-mobile-align-center elementor-widget elementor-widget-button\" data-id=\"25f7c09f\" data-element_type=\"widget\" data-e-type=\"widget\" data-widget_type=\"button.default\">\n\t\t\t\t<div class=\"elementor-widget-container\">\n\t\t\t\t\t\t\t\t\t<div class=\"elementor-button-wrapper\">\n\t\t\t\t\t<a class=\"elementor-button elementor-button-link elementor-size-sm\" href=\"https:\/\/yourmission.life\" target=\"_blank\">\n\t\t\t\t\t\t<span class=\"elementor-button-content-wrapper\">\n\t\t\t\t\t\t\t\t\t<span class=\"elementor-button-text\">ALLEZ SUR YOURMISSION.LIFE<\/span>\n\t\t\t\t\t<\/span>\n\t\t\t\t\t<\/a>\n\t\t\t\t<\/div>\n\t\t\t\t\t\t\t\t<\/div>\n\t\t\t\t<\/div>\n\t\t\t\t<\/div>\n\t\t\t\t<\/div>\n\t\t\t\t<\/div>\n\t\t","protected":false},"excerpt":{"rendered":"<p>Rechercher yourmission.life D\u00e9couvrez ici ce que d&rsquo;autres ont v\u00e9cu avec Dieu Votre vie. Votre responsabilit\u00e9. Votre engagement. Nous organisons plus de 1000 missions de courte et de longue dur\u00e9e dans le monde entier. utilisation Qu&rsquo;avez-vous v\u00e9cu ? Cr\u00e9ez un compte sur Yourmission.life et racontez votre histoire. Nous sommes impatients de vous entendre. ALLEZ SUR YOURMISSION.LIFE<\/p>\n","protected":false},"author":1,"featured_media":0,"parent":0,"menu_order":0,"comment_status":"closed","ping_status":"closed","template":"elementor_header_footer","meta":{"_acf_changed":false,"footnotes":""},"class_list":["post-4357","page","type-page","status-publish","hentry"],"acf":[],"publishpress_future_action":{"enabled":false,"date":"2026-05-07 03:28:39","action":"change-status","newStatus":"draft","terms":[],"taxonomy":"translation_priority","extraData":[]},"publishpress_future_workflow_manual_trigger":{"enabledWorkflows":[]},"_links":{"self":[{"href":"https:\/\/mission.weiterdev.ch\/fr\/wp-json\/wp\/v2\/pages\/4357","targetHints":{"allow":["GET"]}}],"collection":[{"href":"https:\/\/mission.weiterdev.ch\/fr\/wp-json\/wp\/v2\/pages"}],"about":[{"href":"https:\/\/mission.weiterdev.ch\/fr\/wp-json\/wp\/v2\/types\/page"}],"author":[{"embeddable":true,"href":"https:\/\/mission.weiterdev.ch\/fr\/wp-json\/wp\/v2\/users\/1"}],"replies":[{"embeddable":true,"href":"https:\/\/mission.weiterdev.ch\/fr\/wp-json\/wp\/v2\/comments?post=4357"}],"version-history":[{"count":16,"href":"https:\/\/mission.weiterdev.ch\/fr\/wp-json\/wp\/v2\/pages\/4357\/revisions"}],"predecessor-version":[{"id":6995,"href":"https:\/\/mission.weiterdev.ch\/fr\/wp-json\/wp\/v2\/pages\/4357\/revisions\/6995"}],"wp:attachment":[{"href":"https:\/\/mission.weiterdev.ch\/fr\/wp-json\/wp\/v2\/media?parent=4357"}],"curies":[{"name":"wp","href":"https:\/\/api.w.org\/{rel}","templated":true}]}}